{"id":40,"date":"2022-04-25T16:16:48","date_gmt":"2022-04-25T16:16:48","guid":{"rendered":"http:\/\/www.edicom.com.mx\/mezzanines-industriales\/?page_id=40"},"modified":"2024-09-13T15:48:06","modified_gmt":"2024-09-13T20:48:06","slug":"resindek","status":"publish","type":"page","link":"https:\/\/www.edicom.com.mx\/mezzanines-industriales\/resindek\/","title":{"rendered":"Resindek"},"content":{"rendered":"<p>[et_pb_section fb_built=\u00bb1&#8243; module_class=\u00bbedicom_v0_resinHDR\u00bb _builder_version=\u00bb4.16&#8243; _module_preset=\u00bbdefault\u00bb global_colors_info=\u00bb{}\u00bb][et_pb_row _builder_version=\u00bb4.16&#8243; _module_preset=\u00bbdefault\u00bb global_colors_info=\u00bb{}\u00bb][et_pb_column type=\u00bb4_4&#8243; _builder_version=\u00bb4.16&#8243; _module_preset=\u00bbdefault\u00bb global_colors_info=\u00bb{}\u00bb][et_pb_text admin_label=\u00bbSomos los distribuidores oficiales de ResinDek en Latinoam\u00e9rica\u00bb _builder_version=\u00bb4.16&#8243; _module_preset=\u00bbdefault\u00bb text_orientation=\u00bbcenter\u00bb background_layout=\u00bbdark\u00bb global_colors_info=\u00bb{}\u00bb]<\/p>\n<h1><strong>Somos los distribuidores oficiales de ResinDek en Latinoam\u00e9rica<\/strong><\/h1>\n<p>[\/et_pb_text][\/et_pb_column][\/et_pb_row][et_pb_row _builder_version=\u00bb4.16&#8243; _module_preset=\u00bbdefault\u00bb global_colors_info=\u00bb{}\u00bb][et_pb_column type=\u00bb4_4&#8243; _builder_version=\u00bb4.16&#8243; _module_preset=\u00bbdefault\u00bb global_colors_info=\u00bb{}\u00bb][et_pb_text admin_label=\u00bbSustituye losas de concreto y pisos met\u00e1licos que se deforman por ResinDek, el piso espec\u00edficamente desarrollado para  mezzanines. Instala una soluci\u00f3n de pisos avanzada, ligera y a prueba de fuego.\u00bb module_class=\u00bbshort\u00bb _builder_version=\u00bb4.16&#8243; _module_preset=\u00bbdefault\u00bb text_orientation=\u00bbcenter\u00bb background_layout=\u00bbdark\u00bb global_colors_info=\u00bb{}\u00bb]<\/p>\n<p>Sustituye losas de concreto y pisos met\u00e1licos que se deforman por ResinDek, el piso espec\u00edficamente desarrollado para mezzanines. Instala una soluci\u00f3n de pisos avanzada, ligera y a prueba de fuego.<\/p>\n<p>[\/et_pb_text][\/et_pb_column][\/et_pb_row][\/et_pb_section][et_pb_section fb_built=\u00bb1&#8243; module_class=\u00bbedicom_v0_fullw\u00bb _builder_version=\u00bb4.16&#8243; _module_preset=\u00bbdefault\u00bb global_colors_info=\u00bb{}\u00bb][et_pb_row _builder_version=\u00bb4.16&#8243; _module_preset=\u00bbdefault\u00bb global_colors_info=\u00bb{}\u00bb][et_pb_column type=\u00bb4_4&#8243; _builder_version=\u00bb4.16&#8243; _module_preset=\u00bbdefault\u00bb global_colors_info=\u00bb{}\u00bb][et_pb_gallery gallery_ids=\u00bb33,43,34,44,35,45&#8243; fullwidth=\u00bbon\u00bb module_class=\u00bbedicom_v0_gal\u00bb _builder_version=\u00bb4.16&#8243; _module_preset=\u00bbdefault\u00bb auto=\u00bbon\u00bb auto_speed=\u00bb4000&#8243; global_colors_info=\u00bb{}\u00bb][\/et_pb_gallery][\/et_pb_column][\/et_pb_row][\/et_pb_section][et_pb_section fb_built=\u00bb1&#8243; module_id=\u00bbresindek\u00bb module_class=\u00bbedicom_v0_resindek\u00bb _builder_version=\u00bb4.16&#8243; _module_preset=\u00bbdefault\u00bb global_module=\u00bb59&#8243; saved_tabs=\u00bball\u00bb global_colors_info=\u00bb{}\u00bb][et_pb_row column_structure=\u00bb1_2,1_2&#8243; _builder_version=\u00bb4.16&#8243; _module_preset=\u00bbdefault\u00bb global_colors_info=\u00bb{}\u00bb][et_pb_column type=\u00bb1_2&#8243; _builder_version=\u00bb4.16&#8243; _module_preset=\u00bbdefault\u00bb global_colors_info=\u00bb{}\u00bb][et_pb_image src=\u00bbhttps:\/\/www.edicom.com.mx\/mezzanines-industriales\/wp-content\/uploads\/2022\/04\/ResinDek-Latinoamerica-Edicom-Mezzanine-logo-ResinDek.jpg\u00bb title_text=\u00bbResinDek-Latinoamerica-Edicom-Mezzanine-logo-ResinDek\u00bb align=\u00bbcenter\u00bb _builder_version=\u00bb4.16&#8243; _module_preset=\u00bbdefault\u00bb global_colors_info=\u00bb{}\u00bb][\/et_pb_image][et_pb_text admin_label=\u00bbPaneles para entrepisos listos para el duro trabajo industrial.\u00bb _builder_version=\u00bb4.16&#8243; _module_preset=\u00bbdefault\u00bb global_colors_info=\u00bb{}\u00bb]<\/p>\n<h2><strong>Paneles para entrepisos listos para el duro trabajo industrial.<\/strong><\/h2>\n<p>[\/et_pb_text][et_pb_text admin_label=\u00bbEn EDICOM, te ayudamos a realizar tu proyecto en el menor tiempo posible trabajando con un \u00fanico proveedor.\u00bb module_class=\u00bbshort\u00bb _builder_version=\u00bb4.30.8&#8243; _module_preset=\u00bbdefault\u00bb global_colors_info=\u00bb{}\u00bb]<\/p>\n<p>ResinDek es el l\u00edder indiscutible en la industria de pisos para Mezzanines y entrepisos. Con 24 a\u00f1os en el mercado y 10 millones de m2 vendidos desde el 2006.<\/p>\n<p>ResinDek es una soluci\u00f3n que traer\u00e1 eficiencia y ahorro a tu proyecto.<\/p>\n<p>[\/et_pb_text][\/et_pb_column][et_pb_column type=\u00bb1_2&#8243; _builder_version=\u00bb4.16&#8243; _module_preset=\u00bbdefault\u00bb global_colors_info=\u00bb{}\u00bb][\/et_pb_column][\/et_pb_row][et_pb_row column_structure=\u00bb1_3,1_3,1_3&#8243; use_custom_gutter=\u00bbon\u00bb gutter_width=\u00bb1&#8243; module_class=\u00bbedicom_v0_fila4fondo\u00bb _builder_version=\u00bb4.16&#8243; _module_preset=\u00bbdefault\u00bb global_colors_info=\u00bb{}\u00bb][et_pb_column type=\u00bb1_3&#8243; _builder_version=\u00bb4.16&#8243; _module_preset=\u00bbdefault\u00bb global_colors_info=\u00bb{}\u00bb][et_pb_blurb title=\u00bbGarant\u00eda de producto de 10 a\u00f1os\u00bb admin_label=\u00bbGarant\u00eda de producto de 10 a\u00f1os\u00bb module_class=\u00bbedicom_v0_blurbtxt\u00bb _builder_version=\u00bb4.16&#8243; _module_preset=\u00bbdefault\u00bb header_level=\u00bbh3&#8243; global_colors_info=\u00bb{}\u00bb]<\/p>\n<p>Dise\u00f1ados para soportar las cargas, el tr\u00e1fico y el movimiento repetitivo requerido por su empresa.<\/p>\n<p>[\/et_pb_blurb][\/et_pb_column][et_pb_column type=\u00bb1_3&#8243; _builder_version=\u00bb4.16&#8243; _module_preset=\u00bbdefault\u00bb global_colors_info=\u00bb{}\u00bb][et_pb_blurb title=\u00bbAvalados para la certificaci\u00f3n LEED.\u00bb admin_label=\u00bbAvalados para la certificaci\u00f3n LEED.\u00bb module_class=\u00bbedicom_v0_blurbtxt\u00bb _builder_version=\u00bb4.16&#8243; _module_preset=\u00bbdefault\u00bb header_level=\u00bbh3&#8243; global_colors_info=\u00bb{}\u00bb]<\/p>\n<p>Todos los paneles ResinDek pueden contribuir a ganar puntos para edificios cualificados LEED.<\/p>\n<p>[\/et_pb_blurb][\/et_pb_column][et_pb_column type=\u00bb1_3&#8243; _builder_version=\u00bb4.16&#8243; _module_preset=\u00bbdefault\u00bb global_colors_info=\u00bb{}\u00bb][et_pb_blurb title=\u00bbResinDek est\u00e1 disponible con certificado FSC\u00bb admin_label=\u00bbResinDek est\u00e1 disponible con certificado FSC\u00bb module_class=\u00bbedicom_v0_blurbtxt\u00bb _builder_version=\u00bb4.16&#8243; _module_preset=\u00bbdefault\u00bb header_level=\u00bbh3&#8243; global_colors_info=\u00bb{}\u00bb]<\/p>\n<p>Los paneles ResinDek cumplen con los criterios del FSC.<\/p>\n<p>[\/et_pb_blurb][\/et_pb_column][\/et_pb_row][\/et_pb_section][et_pb_section fb_built=\u00bb1&#8243; specialty=\u00bbon\u00bb module_class=\u00bbedicom_v0_resindek_p2&#8243; _builder_version=\u00bb4.16&#8243; _module_preset=\u00bbdefault\u00bb saved_tabs=\u00bball\u00bb global_colors_info=\u00bb{}\u00bb][et_pb_column type=\u00bb1_3&#8243; _builder_version=\u00bb4.16&#8243; custom_padding=\u00bb|||\u00bb global_colors_info=\u00bb{}\u00bb custom_padding__hover=\u00bb|||\u00bb][\/et_pb_column][et_pb_column type=\u00bb2_3&#8243; specialty_columns=\u00bb2&#8243; _builder_version=\u00bb4.16&#8243; custom_padding=\u00bb|||\u00bb global_colors_info=\u00bb{}\u00bb custom_padding__hover=\u00bb|||\u00bb][et_pb_row_inner _builder_version=\u00bb4.16&#8243; _module_preset=\u00bbdefault\u00bb global_colors_info=\u00bb{}\u00bb][et_pb_column_inner saved_specialty_column_type=\u00bb2_3&#8243; _builder_version=\u00bb4.16&#8243; _module_preset=\u00bbdefault\u00bb global_colors_info=\u00bb{}\u00bb][et_pb_text admin_label=\u00bbResinDek es un producto con la m\u00e1s alta calidad y con caracter\u00edsticas que lo convierten en la mejor opci\u00f3n :\u00bb module_class=\u00bbshort\u00bb _builder_version=\u00bb4.16&#8243; _module_preset=\u00bbdefault\u00bb global_colors_info=\u00bb{}\u00bb]<\/p>\n<p>ResinDek es un producto con la m\u00e1s alta calidad y con caracter\u00edsticas que lo convierten en la mejor opci\u00f3n :<\/p>\n<p>[\/et_pb_text][et_pb_text module_class=\u00bblistaordenadacool\u00bb _builder_version=\u00bb4.16&#8243; _module_preset=\u00bbdefault\u00bb global_colors_info=\u00bb{}\u00bb]<\/p>\n<ol>\n<li>Es ligero, su peso representa solo el 14% de materiales como el concreto.<\/li>\n<li>Es eficiente estructuralmente y permite ahorros de hasta un 23% en costos de cimentaciones, estructuras, montaje.<\/li>\n<li>Es un 30% m\u00e1s r\u00e1pido de instalar que soluciones tradicionales de pisos met\u00e1licos<\/li>\n<li>En eventos de fuego ResinDek cuenta con la certificaci\u00f3n BXVUL701 Fire Resistance Rating ANSI \/ UL-263 por Underwriters Laboratories y certificaciones 2015, 2012, 2009 y 2006 International Residential Code\u00ae (IRC).<\/li>\n<\/ol>\n<p>[\/et_pb_text][\/et_pb_column_inner][\/et_pb_row_inner][et_pb_row_inner column_structure=\u00bb1_2,1_2&#8243; use_custom_gutter=\u00bbon\u00bb gutter_width=\u00bb1&#8243; module_class=\u00bbbotonesmegelos\u00bb _builder_version=\u00bb4.16&#8243; _module_preset=\u00bbdefault\u00bb global_colors_info=\u00bb{}\u00bb][et_pb_column_inner type=\u00bb1_2&#8243; saved_specialty_column_type=\u00bb2_3&#8243; _builder_version=\u00bb4.16&#8243; _module_preset=\u00bbdefault\u00bb global_colors_info=\u00bb{}\u00bb][et_pb_button button_url=\u00bb#contacto\u00bb button_text=\u00bbM\u00e1ndanos Correo\u00bb button_alignment=\u00bbcenter\u00bb module_class=\u00bbbntGENERAL electricBlue\u00bb _builder_version=\u00bb4.17.3&#8243; _module_preset=\u00bbdefault\u00bb global_colors_info=\u00bb{}\u00bb][\/et_pb_button][\/et_pb_column_inner][et_pb_column_inner type=\u00bb1_2&#8243; saved_specialty_column_type=\u00bb2_3&#8243; _builder_version=\u00bb4.16&#8243; _module_preset=\u00bbdefault\u00bb global_colors_info=\u00bb{}\u00bb][et_pb_button button_url=\u00bbhttps:\/\/api.whatsapp.com\/send?phone=523317705238&#038;text=Hola,%20les%20encontr%C3%A9%20por%20medio%20de%20Google%20y%20quisiera%20recibir%20informaci%C3%B3n%20sobre%20pisos%20de%20ResinDEK\u00bb button_text=\u00bbM\u00e1ndanos WhatsApp\u00bb button_alignment=\u00bbcenter\u00bb module_class=\u00bbbntGENERAL electricBlueLine\u00bb _builder_version=\u00bb4.17.3&#8243; _module_preset=\u00bbdefault\u00bb global_colors_info=\u00bb{}\u00bb][\/et_pb_button][\/et_pb_column_inner][\/et_pb_row_inner][\/et_pb_column][\/et_pb_section][et_pb_section fb_built=\u00bb1&#8243; _builder_version=\u00bb4.17.3&#8243; _module_preset=\u00bbdefault\u00bb global_colors_info=\u00bb{}\u00bb][et_pb_row _builder_version=\u00bb4.16&#8243; _module_preset=\u00bbdefault\u00bb saved_tabs=\u00bball\u00bb global_colors_info=\u00bb{}\u00bb][et_pb_column type=\u00bb4_4&#8243; _builder_version=\u00bb4.16&#8243; _module_preset=\u00bbdefault\u00bb global_colors_info=\u00bb{}\u00bb][et_pb_text admin_label=\u00bbTrabajamos con las mejores empresas \u00bb _builder_version=\u00bb4.16&#8243; _module_preset=\u00bbdefault\u00bb text_orientation=\u00bbcenter\u00bb global_colors_info=\u00bb{}\u00bb]<\/p>\n<h2>Trabajamos con las mejores empresas<\/h2>\n<p>[\/et_pb_text][\/et_pb_column][\/et_pb_row][et_pb_row column_structure=\u00bb1_5,1_5,1_5,1_5,1_5&#8243; use_custom_gutter=\u00bbon\u00bb module_class=\u00bbclientesEDICOM\u00bb _builder_version=\u00bb4.16&#8243; _module_preset=\u00bbdefault\u00bb saved_tabs=\u00bball\u00bb global_colors_info=\u00bb{}\u00bb][et_pb_column type=\u00bb1_5&#8243; _builder_version=\u00bb4.16&#8243; _module_preset=\u00bbdefault\u00bb global_colors_info=\u00bb{}\u00bb][et_pb_image src=\u00bbhttps:\/\/www.edicom.com.mx\/mezzanines-industriales\/wp-content\/uploads\/2022\/04\/Edicom-clientes-Hasbro.jpg\u00bb title_text=\u00bbEdicom-clientes&#8211;Hasbro\u00bb _builder_version=\u00bb4.16&#8243; _module_preset=\u00bbdefault\u00bb global_colors_info=\u00bb{}\u00bb][\/et_pb_image][\/et_pb_column][et_pb_column type=\u00bb1_5&#8243; _builder_version=\u00bb4.16&#8243; _module_preset=\u00bbdefault\u00bb global_colors_info=\u00bb{}\u00bb][et_pb_image src=\u00bbhttps:\/\/www.edicom.com.mx\/mezzanines-industriales\/wp-content\/uploads\/2022\/04\/Edicom-clientes-Dematic.jpg\u00bb title_text=\u00bbEdicom-clientes-Dematic\u00bb _builder_version=\u00bb4.16&#8243; _module_preset=\u00bbdefault\u00bb global_colors_info=\u00bb{}\u00bb][\/et_pb_image][\/et_pb_column][et_pb_column type=\u00bb1_5&#8243; _builder_version=\u00bb4.16&#8243; _module_preset=\u00bbdefault\u00bb global_colors_info=\u00bb{}\u00bb][et_pb_image src=\u00bbhttps:\/\/www.edicom.com.mx\/mezzanines-industriales\/wp-content\/uploads\/2022\/04\/Edicom-clientes-OXXO.jpg\u00bb title_text=\u00bbEdicom-clientes-OXXO\u00bb _builder_version=\u00bb4.16&#8243; _module_preset=\u00bbdefault\u00bb global_colors_info=\u00bb{}\u00bb][\/et_pb_image][\/et_pb_column][et_pb_column type=\u00bb1_5&#8243; _builder_version=\u00bb4.16&#8243; _module_preset=\u00bbdefault\u00bb global_colors_info=\u00bb{}\u00bb][et_pb_image src=\u00bbhttps:\/\/www.edicom.com.mx\/mezzanines-industriales\/wp-content\/uploads\/2022\/04\/Edicom-clientes-Charly.jpg\u00bb title_text=\u00bbEdicom-clientes-Charly\u00bb _builder_version=\u00bb4.16&#8243; _module_preset=\u00bbdefault\u00bb global_colors_info=\u00bb{}\u00bb][\/et_pb_image][\/et_pb_column][et_pb_column type=\u00bb1_5&#8243; _builder_version=\u00bb4.16&#8243; _module_preset=\u00bbdefault\u00bb global_colors_info=\u00bb{}\u00bb][et_pb_image src=\u00bbhttps:\/\/www.edicom.com.mx\/mezzanines-industriales\/wp-content\/uploads\/2022\/04\/Edicom-clientes-Industrias-2RR.jpg\u00bb title_text=\u00bbEdicom-clientes-Industrias-2RR\u00bb _builder_version=\u00bb4.16&#8243; _module_preset=\u00bbdefault\u00bb global_colors_info=\u00bb{}\u00bb][\/et_pb_image][\/et_pb_column][\/et_pb_row][\/et_pb_section]<\/p>\n","protected":false},"excerpt":{"rendered":"<p>Somos los distribuidores oficiales de ResinDek en Latinoam\u00e9ricaSustituye losas de concreto y pisos met\u00e1licos que se deforman por ResinDek, el piso espec\u00edficamente desarrollado para mezzanines. Instala una soluci\u00f3n de pisos avanzada, ligera y a prueba de fuego.Paneles para entrepisos listos para el duro trabajo industrial.ResinDek es el l\u00edder indiscutible en la industria de pisos para [&hellip;]<\/p>\n","protected":false},"author":1,"featured_media":0,"parent":0,"menu_order":0,"comment_status":"closed","ping_status":"closed","template":"","meta":{"_et_pb_use_builder":"on","_et_pb_old_content":"","_et_gb_content_width":"","footnotes":""},"class_list":["post-40","page","type-page","status-publish","hentry"],"_links":{"self":[{"href":"https:\/\/www.edicom.com.mx\/mezzanines-industriales\/wp-json\/wp\/v2\/pages\/40"}],"collection":[{"href":"https:\/\/www.edicom.com.mx\/mezzanines-industriales\/wp-json\/wp\/v2\/pages"}],"about":[{"href":"https:\/\/www.edicom.com.mx\/mezzanines-industriales\/wp-json\/wp\/v2\/types\/page"}],"author":[{"embeddable":true,"href":"https:\/\/www.edicom.com.mx\/mezzanines-industriales\/wp-json\/wp\/v2\/users\/1"}],"replies":[{"embeddable":true,"href":"https:\/\/www.edicom.com.mx\/mezzanines-industriales\/wp-json\/wp\/v2\/comments?post=40"}],"version-history":[{"count":7,"href":"https:\/\/www.edicom.com.mx\/mezzanines-industriales\/wp-json\/wp\/v2\/pages\/40\/revisions"}],"predecessor-version":[{"id":759,"href":"https:\/\/www.edicom.com.mx\/mezzanines-industriales\/wp-json\/wp\/v2\/pages\/40\/revisions\/759"}],"wp:attachment":[{"href":"https:\/\/www.edicom.com.mx\/mezzanines-industriales\/wp-json\/wp\/v2\/media?parent=40"}],"curies":[{"name":"wp","href":"https:\/\/api.w.org\/{rel}","templated":true}]}}